{"id":2,"date":"2021-08-20T07:48:39","date_gmt":"2021-08-20T05:48:39","guid":{"rendered":"http:\/\/davidgermain.fr\/?page_id=2"},"modified":"2021-08-23T22:11:30","modified_gmt":"2021-08-23T20:11:30","slug":"david-germain","status":"publish","type":"page","link":"https:\/\/davidgermain.fr\/index.php\/david-germain\/","title":{"rendered":"David GERMAIN"},"content":{"rendered":"\n<div class=\"wp-block-media-text alignwide is-stacked-on-mobile is-vertically-aligned-center\" style=\"grid-template-columns:21% auto\"><figure class=\"wp-block-media-text__media\"><img loading=\"lazy\" decoding=\"async\" width=\"772\" height=\"1024\" src=\"https:\/\/davidgermain.fr\/wp-content\/uploads\/2021\/08\/0381407A-D9F7-4776-8D76-F78786D70B88_1_201_a-772x1024.jpeg\" alt=\"\" class=\"wp-image-185 size-full\" srcset=\"https:\/\/davidgermain.fr\/wp-content\/uploads\/2021\/08\/0381407A-D9F7-4776-8D76-F78786D70B88_1_201_a-772x1024.jpeg 772w, https:\/\/davidgermain.fr\/wp-content\/uploads\/2021\/08\/0381407A-D9F7-4776-8D76-F78786D70B88_1_201_a-226x300.jpeg 226w, https:\/\/davidgermain.fr\/wp-content\/uploads\/2021\/08\/0381407A-D9F7-4776-8D76-F78786D70B88_1_201_a-768x1018.jpeg 768w, https:\/\/davidgermain.fr\/wp-content\/uploads\/2021\/08\/0381407A-D9F7-4776-8D76-F78786D70B88_1_201_a-1159x1536.jpeg 1159w, https:\/\/davidgermain.fr\/wp-content\/uploads\/2021\/08\/0381407A-D9F7-4776-8D76-F78786D70B88_1_201_a-1545x2048.jpeg 1545w, https:\/\/davidgermain.fr\/wp-content\/uploads\/2021\/08\/0381407A-D9F7-4776-8D76-F78786D70B88_1_201_a-600x795.jpeg 600w, https:\/\/davidgermain.fr\/wp-content\/uploads\/2021\/08\/0381407A-D9F7-4776-8D76-F78786D70B88_1_201_a.jpeg 1701w\" sizes=\"auto, (max-width: 772px) 100vw, 772px\" \/><\/figure><div class=\"wp-block-media-text__content\">\n<h2 class=\"has-text-align-center wp-block-heading\">Orient\u00e9 projet, curieux, engag\u00e9 <\/h2>\n\n\n\n<h2 class=\"has-text-align-center wp-block-heading\">&amp;<\/h2>\n\n\n\n<h2 class=\"has-text-align-center wp-block-heading\">passionn\u00e9 par l&rsquo;humain dans les organisations.<\/h2>\n<\/div><\/div>\n\n\n\n<p>J&rsquo;ai occup\u00e9 tous les postes de veilleur de nuit, chef concierge, Chef de r\u00e9ception, jusqu&rsquo;aux postes de Direction d&rsquo;h\u00f4tel ou de l&rsquo;h\u00f4tellerie pour le CHU de Lille depuis 1994. <\/p>\n\n\n\n<p>Je me suis form\u00e9 \u00e0 la direction d&rsquo;entreprise et \u00e0 la commercialisation \u00e0 l&rsquo;<strong>I\u00c9SEG <\/strong>\u00e0 Lille, au management par les comp\u00e9tences au <strong>CNAM<\/strong> \u00e0 Dijon, \u00e0 l&rsquo;Analyse Transactionnelle chez <strong>ATORG <\/strong>\u00e0 Paris. Mais aussi \u00e0 la formation d&rsquo;\u00e9quipes multi-sites, \u00e0 l&rsquo;accompagnement de projet ou du changement. J&rsquo;ai pu mettre en oeuvre mes comp\u00e9tences dans des structures matricielles comme le <strong>CHU de Lille<\/strong>, de grands groupes h\u00f4teliers comme <strong>MILLENNIUM <\/strong>h\u00f4tels &amp; Ressorts, <strong>CONCORDE<\/strong> ou <strong>M\u00d6VENPICK<\/strong> ou de petites PME ou groupes h\u00f4teliers familiaux comme les <strong>H\u00f4tels Paris Rive Gauche<\/strong>.<\/p>\n\n\n\n<p class=\"has-text-align-center has-large-font-size\">Ces exp\u00e9riences me permettent d&rsquo;adapter mes conseils, formations ou accompagnements dans de multiples situations, aussi bien en fran\u00e7ais qu&rsquo;en anglais \u00e0 des public multiculturels.<\/p>\n\n\n\n<p> Je suis engag\u00e9 pour l&rsquo;<strong>Excellence Professionnelle<\/strong> avec la cr\u00e9ation et le d\u00e9veloppement de la classe R\u00e9ceptionniste en h\u00f4tellerie D&rsquo;un des <strong>Meilleurs Ouvriers de France<\/strong> (MOF R\u00e9ception) ou avec mon engagement aupr\u00e8s de l&rsquo;<strong>AICR Paris<\/strong>.<\/p>\n\n\n\n<p>Je propose d&rsquo;intervenir sur l&rsquo;accueil et le service, le parcours client, la gestion et l&rsquo;organisation des flux, l&rsquo;assistance en ma\u00eetrise d&rsquo;ouvrage sur des ERP, sur de l&rsquo;ing\u00e9nierie de formation, le d\u00e9veloppement d&rsquo;outils RH: cartographie activit\u00e9 comp\u00e9tences, profils de poste, d\u00e9finition du plan formation, outils d&rsquo;\u00e9valuation, conduite du changement. <\/p>\n\n\n\n<p>le Management, le d\u00e9veloppement des comp\u00e9tences, la cr\u00e9ation d&rsquo;une politique tarifaire et de distribution et la conduite du changement sont quelques un de mes th\u00e8mes de pr\u00e9dilection. <\/p>\n\n\n\n<p>English version <a href=\"https:\/\/davidgermain.fr\/?page_id=85\" target=\"_blank\" rel=\"noreferrer noopener\">HERE<\/a><\/p>\n\n\n\n<p class=\"has-text-align-center has-large-font-size\">Une question? plus d&rsquo;information? n&rsquo;h\u00e9sitez pas \u00e0 me <a href=\"https:\/\/davidgermain.fr\/index.php\/contact\/\" target=\"_blank\" rel=\"noreferrer noopener\" title=\"https:\/\/davidgermain.fr\/index.php\/contact\/\">CONTACTER<\/a><\/p>\n\n\n\n<p> <\/p>\n","protected":false},"excerpt":{"rendered":"<p>Orient\u00e9 projet, curieux, engag\u00e9 &amp; passionn\u00e9 par l&rsquo;humain dans les organisations. J&rsquo;ai occup\u00e9 tous les postes de veilleur de nuit, chef concierge, Chef de r\u00e9ception, &hellip;<\/p>\n","protected":false},"author":1,"featured_media":0,"parent":0,"menu_order":0,"comment_status":"closed","ping_status":"closed","template":"","meta":{"om_disable_all_campaigns":false,"_monsterinsights_skip_tracking":false,"_monsterinsights_sitenote_active":false,"_monsterinsights_sitenote_note":"","_monsterinsights_sitenote_category":0,"footnotes":""},"class_list":["post-2","page","type-page","status-publish","hentry"],"aioseo_notices":[],"_links":{"self":[{"href":"https:\/\/davidgermain.fr\/index.php\/wp-json\/wp\/v2\/pages\/2","targetHints":{"allow":["GET"]}}],"collection":[{"href":"https:\/\/davidgermain.fr\/index.php\/wp-json\/wp\/v2\/pages"}],"about":[{"href":"https:\/\/davidgermain.fr\/index.php\/wp-json\/wp\/v2\/types\/page"}],"author":[{"embeddable":true,"href":"https:\/\/davidgermain.fr\/index.php\/wp-json\/wp\/v2\/users\/1"}],"replies":[{"embeddable":true,"href":"https:\/\/davidgermain.fr\/index.php\/wp-json\/wp\/v2\/comments?post=2"}],"version-history":[{"count":17,"href":"https:\/\/davidgermain.fr\/index.php\/wp-json\/wp\/v2\/pages\/2\/revisions"}],"predecessor-version":[{"id":206,"href":"https:\/\/davidgermain.fr\/index.php\/wp-json\/wp\/v2\/pages\/2\/revisions\/206"}],"wp:attachment":[{"href":"https:\/\/davidgermain.fr\/index.php\/wp-json\/wp\/v2\/media?parent=2"}],"curies":[{"name":"wp","href":"https:\/\/api.w.org\/{rel}","templated":true}]}}